{"id":5586,"date":"2021-02-24T11:43:39","date_gmt":"2021-02-24T11:43:39","guid":{"rendered":"https:\/\/houseplantcentral.com\/?page_id=5586"},"modified":"2021-02-26T19:26:29","modified_gmt":"2021-02-26T19:26:29","slug":"contactar-con-houseplant-central","status":"publish","type":"page","link":"https:\/\/houseplantcentral.com\/es\/contactar-con-houseplant-central\/","title":{"rendered":"Contactar con Houseplant Central"},"content":{"rendered":"\n<h2 class=\"wp-block-heading\">\u00bfPreguntas, sugerencias, ideas o solicitudes?<\/h2>\n\n\n\n<p>Si quieres saber m\u00e1s sobre Houseplant Central, tienes una pregunta sobre un tipo de planta de interior en particular o simplemente quieres compartir una idea genial para un nuevo post, no dudes en rellenar el siguiente formulario y me pondr\u00e9 en contacto contigo lo antes posible.<\/p>\n\n\n\n<h2 class=\"wp-block-heading\">\u00bfColaboraciones, publicidad o esponsorizaci\u00f3n?<\/h2>\n\n\n\n<p>Si eres un blogger o propietario de un sitio web que busca colaborar con Houseplant Central, o una empresa interesada en saber m\u00e1s sobre opciones como la publicidad, la afiliaci\u00f3n y la esponsorizaci\u00f3n, puedes rellenar el siguiente formulario para solicitar m\u00e1s informaci\u00f3n o simplemente hacer tus preguntas.<\/p>\n\n\n\n<div class=\"wp-block-contact-form-7-contact-form-selector\"><p class=\"wpcf7-contact-form-not-found\"><strong>Error:<\/strong> Formulario de contacto no encontrado.<\/p><\/div>\n\n\n\n<p><\/p>\n","protected":false},"excerpt":{"rendered":"<p> &#8230; <a title=\"Contactar con Houseplant Central\" class=\"read-more\" href=\"https:\/\/houseplantcentral.com\/es\/contactar-con-houseplant-central\/\" aria-label=\"Leer m\u00e1s sobre Contactar con Houseplant Central\">Read more<\/a><\/p>\n","protected":false},"author":1,"featured_media":0,"parent":0,"menu_order":0,"comment_status":"closed","ping_status":"closed","template":"","meta":{"footnotes":""},"class_list":{"0":"post-5586","1":"page","2":"type-page","3":"status-publish","5":"no-featured-image-padding"},"yoast_head":"<!-- This site is optimized with the Yoast SEO Premium plugin v23.4 (Yoast SEO v27.2) - https:\/\/yoast.com\/product\/yoast-seo-premium-wordpress\/ -->\n<title>Contactar con Houseplant Central - Houseplant Central<\/title>\n<meta name=\"robots\" content=\"index, follow, max-snippet:-1, max-image-preview:large, max-video-preview:-1\" \/>\n<link rel=\"canonical\" href=\"https:\/\/houseplantcentral.com\/es\/contactar-con-houseplant-central\/\" \/>\n<meta property=\"og:locale\" content=\"es_ES\" \/>\n<meta property=\"og:type\" content=\"article\" \/>\n<meta property=\"og:title\" content=\"Contactar con Houseplant Central\" \/>\n<meta property=\"og:description\" content=\"... Read more\" \/>\n<meta property=\"og:url\" content=\"https:\/\/houseplantcentral.com\/es\/contactar-con-houseplant-central\/\" \/>\n<meta property=\"og:site_name\" content=\"Houseplant Central\" \/>\n<meta property=\"article:publisher\" content=\"https:\/\/www.facebook.com\/houseplantcentral\" \/>\n<meta property=\"article:modified_time\" content=\"2021-02-26T19:26:29+00:00\" \/>\n<meta name=\"twitter:card\" content=\"summary_large_image\" \/>\n<meta name=\"twitter:label1\" content=\"Tiempo de lectura\" \/>\n\t<meta name=\"twitter:data1\" content=\"1 minuto\" \/>\n<script type=\"application\/ld+json\" class=\"yoast-schema-graph\">{\"@context\":\"https:\/\/schema.org\",\"@graph\":[{\"@type\":\"WebPage\",\"@id\":\"https:\/\/houseplantcentral.com\/es\/contactar-con-houseplant-central\/\",\"url\":\"https:\/\/houseplantcentral.com\/es\/contactar-con-houseplant-central\/\",\"name\":\"Contactar con Houseplant Central - Houseplant Central\",\"isPartOf\":{\"@id\":\"https:\/\/houseplantcentral.com\/#website\"},\"datePublished\":\"2021-02-24T11:43:39+00:00\",\"dateModified\":\"2021-02-26T19:26:29+00:00\",\"breadcrumb\":{\"@id\":\"https:\/\/houseplantcentral.com\/es\/contactar-con-houseplant-central\/#breadcrumb\"},\"inLanguage\":\"es\",\"potentialAction\":[{\"@type\":\"ReadAction\",\"target\":[\"https:\/\/houseplantcentral.com\/es\/contactar-con-houseplant-central\/\"]}]},{\"@type\":\"BreadcrumbList\",\"@id\":\"https:\/\/houseplantcentral.com\/es\/contactar-con-houseplant-central\/#breadcrumb\",\"itemListElement\":[{\"@type\":\"ListItem\",\"position\":1,\"name\":\"Home\",\"item\":\"https:\/\/houseplantcentral.com\/\"},{\"@type\":\"ListItem\",\"position\":2,\"name\":\"Contactar con Houseplant Central\"}]},{\"@type\":\"WebSite\",\"@id\":\"https:\/\/houseplantcentral.com\/#website\",\"url\":\"https:\/\/houseplantcentral.com\/\",\"name\":\"Houseplant Central\",\"description\":\"Houseplant Central: Easy Tips For Healthy Plants\",\"publisher\":{\"@id\":\"https:\/\/houseplantcentral.com\/#organization\"},\"potentialAction\":[{\"@type\":\"SearchAction\",\"target\":{\"@type\":\"EntryPoint\",\"urlTemplate\":\"https:\/\/houseplantcentral.com\/?s={search_term_string}\"},\"query-input\":{\"@type\":\"PropertyValueSpecification\",\"valueRequired\":true,\"valueName\":\"search_term_string\"}}],\"inLanguage\":\"es\"},{\"@type\":\"Organization\",\"@id\":\"https:\/\/houseplantcentral.com\/#organization\",\"name\":\"Houseplant Central\",\"url\":\"https:\/\/houseplantcentral.com\/\",\"logo\":{\"@type\":\"ImageObject\",\"inLanguage\":\"es\",\"@id\":\"https:\/\/houseplantcentral.com\/#\/schema\/logo\/image\/\",\"url\":\"https:\/\/cdn.houseplantcentral.com\/wp-content\/uploads\/2022\/09\/Houseplant-Central-Vertical-Dark.png\",\"contentUrl\":\"https:\/\/cdn.houseplantcentral.com\/wp-content\/uploads\/2022\/09\/Houseplant-Central-Vertical-Dark.png\",\"width\":403,\"height\":208,\"caption\":\"Houseplant Central\"},\"image\":{\"@id\":\"https:\/\/houseplantcentral.com\/#\/schema\/logo\/image\/\"},\"sameAs\":[\"https:\/\/www.facebook.com\/houseplantcentral\",\"http:\/\/instagram.com\/houseplantcentral\/\",\"https:\/\/pinterest.com\/hpcentral\/\"]}]}<\/script>\n<!-- \/ Yoast SEO Premium plugin. -->","yoast_head_json":{"title":"Contactar con Houseplant Central - Houseplant Central","robots":{"index":"index","follow":"follow","max-snippet":"max-snippet:-1","max-image-preview":"max-image-preview:large","max-video-preview":"max-video-preview:-1"},"canonical":"https:\/\/houseplantcentral.com\/es\/contactar-con-houseplant-central\/","og_locale":"es_ES","og_type":"article","og_title":"Contactar con Houseplant Central","og_description":"... Read more","og_url":"https:\/\/houseplantcentral.com\/es\/contactar-con-houseplant-central\/","og_site_name":"Houseplant Central","article_publisher":"https:\/\/www.facebook.com\/houseplantcentral","article_modified_time":"2021-02-26T19:26:29+00:00","twitter_card":"summary_large_image","twitter_misc":{"Tiempo de lectura":"1 minuto"},"schema":{"@context":"https:\/\/schema.org","@graph":[{"@type":"WebPage","@id":"https:\/\/houseplantcentral.com\/es\/contactar-con-houseplant-central\/","url":"https:\/\/houseplantcentral.com\/es\/contactar-con-houseplant-central\/","name":"Contactar con Houseplant Central - Houseplant Central","isPartOf":{"@id":"https:\/\/houseplantcentral.com\/#website"},"datePublished":"2021-02-24T11:43:39+00:00","dateModified":"2021-02-26T19:26:29+00:00","breadcrumb":{"@id":"https:\/\/houseplantcentral.com\/es\/contactar-con-houseplant-central\/#breadcrumb"},"inLanguage":"es","potentialAction":[{"@type":"ReadAction","target":["https:\/\/houseplantcentral.com\/es\/contactar-con-houseplant-central\/"]}]},{"@type":"BreadcrumbList","@id":"https:\/\/houseplantcentral.com\/es\/contactar-con-houseplant-central\/#breadcrumb","itemListElement":[{"@type":"ListItem","position":1,"name":"Home","item":"https:\/\/houseplantcentral.com\/"},{"@type":"ListItem","position":2,"name":"Contactar con Houseplant Central"}]},{"@type":"WebSite","@id":"https:\/\/houseplantcentral.com\/#website","url":"https:\/\/houseplantcentral.com\/","name":"Houseplant Central","description":"Houseplant Central: Easy Tips For Healthy Plants","publisher":{"@id":"https:\/\/houseplantcentral.com\/#organization"},"potentialAction":[{"@type":"SearchAction","target":{"@type":"EntryPoint","urlTemplate":"https:\/\/houseplantcentral.com\/?s={search_term_string}"},"query-input":{"@type":"PropertyValueSpecification","valueRequired":true,"valueName":"search_term_string"}}],"inLanguage":"es"},{"@type":"Organization","@id":"https:\/\/houseplantcentral.com\/#organization","name":"Houseplant Central","url":"https:\/\/houseplantcentral.com\/","logo":{"@type":"ImageObject","inLanguage":"es","@id":"https:\/\/houseplantcentral.com\/#\/schema\/logo\/image\/","url":"https:\/\/cdn.houseplantcentral.com\/wp-content\/uploads\/2022\/09\/Houseplant-Central-Vertical-Dark.png","contentUrl":"https:\/\/cdn.houseplantcentral.com\/wp-content\/uploads\/2022\/09\/Houseplant-Central-Vertical-Dark.png","width":403,"height":208,"caption":"Houseplant Central"},"image":{"@id":"https:\/\/houseplantcentral.com\/#\/schema\/logo\/image\/"},"sameAs":["https:\/\/www.facebook.com\/houseplantcentral","http:\/\/instagram.com\/houseplantcentral\/","https:\/\/pinterest.com\/hpcentral\/"]}]}},"_links":{"self":[{"href":"https:\/\/houseplantcentral.com\/es\/wp-json\/wp\/v2\/pages\/5586","targetHints":{"allow":["GET"]}}],"collection":[{"href":"https:\/\/houseplantcentral.com\/es\/wp-json\/wp\/v2\/pages"}],"about":[{"href":"https:\/\/houseplantcentral.com\/es\/wp-json\/wp\/v2\/types\/page"}],"author":[{"embeddable":true,"href":"https:\/\/houseplantcentral.com\/es\/wp-json\/wp\/v2\/users\/1"}],"replies":[{"embeddable":true,"href":"https:\/\/houseplantcentral.com\/es\/wp-json\/wp\/v2\/comments?post=5586"}],"version-history":[{"count":0,"href":"https:\/\/houseplantcentral.com\/es\/wp-json\/wp\/v2\/pages\/5586\/revisions"}],"wp:attachment":[{"href":"https:\/\/houseplantcentral.com\/es\/wp-json\/wp\/v2\/media?parent=5586"}],"curies":[{"name":"wp","href":"https:\/\/api.w.org\/{rel}","templated":true}]}}