{"id":5583,"date":"2021-02-24T11:40:02","date_gmt":"2021-02-24T11:40:02","guid":{"rendered":"https:\/\/houseplantcentral.com\/?page_id=5583"},"modified":"2021-02-26T19:26:14","modified_gmt":"2021-02-26T19:26:14","slug":"acerca-de","status":"publish","type":"page","link":"https:\/\/houseplantcentral.com\/es\/acerca-de\/","title":{"rendered":"Acerca de&#8230;"},"content":{"rendered":"\n<h2 class=\"wp-block-heading\">Sobre Houseplant Central<\/h2>\n\n\n\n<p>Houseplant Central es un blog sobre todo lo relacionado con las plantas de interior. Naci\u00f3 a partir de las dificultades de la autora con sus propias plantas y los mitos que proliferan en el Internet. Houseplant Central busca difundir informaci\u00f3n correcta sobre el cuidado de las plantas de interior.<\/p>\n\n\n\n<p>El objetivo final es ayudar a inspirarte para que puedas convertir tu casa en un lugar m\u00e1s verde incluso si no tienes un pulgar verde!<\/p>\n\n\n\n<h2 class=\"wp-block-heading\">Sobre Maria<\/h2>\n\n\n\n<p>Hola, soy Marijke, aunque suelo llamarme Mari. Tengo 24 a\u00f1os y soy originaria de los Pa\u00edses Bajos, aunque ahora resido en la soleada Espa\u00f1a.<\/p>\n\n\n\n<p>Empec\u00e9 a bloguear en 2011 y no he parado desde entonces; incluso saqu\u00e9 un t\u00edtulo en Ciencias de la Comunicaci\u00f3n. Soy la fundadora de InterMari, que contiene tanto Houseplant Central como el sitio web centrado en los loros dom\u00e9sticos <a href=\"https:\/\/www.psittacology.com\/\" target=\"_blank\" rel=\"noreferrer noopener\">Psittacology.com<\/a>.<\/p>\n\n\n\n<p>Me encanta escribir art\u00edculos, crear comunidades y difundir conocimientos, y estoy incre\u00edblemente agradecida de haber hecho del blogging mi trabajo habitual. Si quieres saber m\u00e1s sobre m\u00ed, Houseplant Central o Psittacology, puedes ponerte en contacto conmigo a trav\u00e9s de esta p\u00e1gina. Gracias por visitar Houseplant Central, \u00a1espero que te inspire!<\/p>\n\n\n\n<div class=\"wp-block-image\"><figure class=\"aligncenter size-large\"><img loading=\"lazy\" decoding=\"async\" width=\"500\" height=\"666\" loading=\"lazy\" src=\"https:\/\/cdn.houseplantcentral.com\/wp-content\/uploads\/2021\/02\/Mari.jpg\" alt=\"\" class=\"wp-image-5872\" srcset=\"https:\/\/cdn.houseplantcentral.com\/wp-content\/uploads\/2021\/02\/Mari.jpg 500w, https:\/\/cdn.houseplantcentral.com\/wp-content\/uploads\/2021\/02\/Mari-150x200.jpg 150w\" sizes=\"auto, (max-width: 500px) 100vw, 500px\" \/><\/figure><\/div>\n\n\n\n<blockquote class=\"wp-block-quote is-layout-flow wp-block-quote-is-layout-flow\"><p>De las traducciones al espa\u00f1ol de Houseplant Central se encarga Karem, que es originaria de Colombia pero ahora reside en Espa\u00f1a al igual que yo.<\/p><p><\/p><\/blockquote>\n","protected":false},"excerpt":{"rendered":"<p> &#8230; <a title=\"Acerca de&#8230;\" class=\"read-more\" href=\"https:\/\/houseplantcentral.com\/es\/acerca-de\/\" aria-label=\"Leer m\u00e1s sobre Acerca de&#8230;\">Read more<\/a><\/p>\n","protected":false},"author":1,"featured_media":0,"parent":0,"menu_order":0,"comment_status":"closed","ping_status":"closed","template":"","meta":{"footnotes":""},"class_list":{"0":"post-5583","1":"page","2":"type-page","3":"status-publish","5":"no-featured-image-padding"},"yoast_head":"<!-- This site is optimized with the Yoast SEO Premium plugin v23.4 (Yoast SEO v27.2) - https:\/\/yoast.com\/product\/yoast-seo-premium-wordpress\/ -->\n<title>Acerca de... - Houseplant Central<\/title>\n<meta name=\"robots\" content=\"index, follow, max-snippet:-1, max-image-preview:large, max-video-preview:-1\" \/>\n<link rel=\"canonical\" href=\"https:\/\/houseplantcentral.com\/es\/acerca-de\/\" \/>\n<meta property=\"og:locale\" content=\"es_ES\" \/>\n<meta property=\"og:type\" content=\"article\" \/>\n<meta property=\"og:title\" content=\"Acerca de...\" \/>\n<meta property=\"og:description\" content=\"... Read more\" \/>\n<meta property=\"og:url\" content=\"https:\/\/houseplantcentral.com\/es\/acerca-de\/\" \/>\n<meta property=\"og:site_name\" content=\"Houseplant Central\" \/>\n<meta property=\"article:publisher\" content=\"https:\/\/www.facebook.com\/houseplantcentral\" \/>\n<meta property=\"article:modified_time\" content=\"2021-02-26T19:26:14+00:00\" \/>\n<meta property=\"og:image\" content=\"https:\/\/cdn.houseplantcentral.com\/wp-content\/uploads\/2021\/02\/Mari.jpg\" \/>\n<meta name=\"twitter:card\" content=\"summary_large_image\" \/>\n<meta name=\"twitter:label1\" content=\"Tiempo de lectura\" \/>\n\t<meta name=\"twitter:data1\" content=\"2 minutos\" \/>\n<script type=\"application\/ld+json\" class=\"yoast-schema-graph\">{\"@context\":\"https:\/\/schema.org\",\"@graph\":[{\"@type\":\"WebPage\",\"@id\":\"https:\/\/houseplantcentral.com\/es\/acerca-de\/\",\"url\":\"https:\/\/houseplantcentral.com\/es\/acerca-de\/\",\"name\":\"Acerca de... - Houseplant Central\",\"isPartOf\":{\"@id\":\"https:\/\/houseplantcentral.com\/#website\"},\"primaryImageOfPage\":{\"@id\":\"https:\/\/houseplantcentral.com\/es\/acerca-de\/#primaryimage\"},\"image\":{\"@id\":\"https:\/\/houseplantcentral.com\/es\/acerca-de\/#primaryimage\"},\"thumbnailUrl\":\"https:\/\/cdn.houseplantcentral.com\/wp-content\/uploads\/2021\/02\/Mari.jpg\",\"datePublished\":\"2021-02-24T11:40:02+00:00\",\"dateModified\":\"2021-02-26T19:26:14+00:00\",\"breadcrumb\":{\"@id\":\"https:\/\/houseplantcentral.com\/es\/acerca-de\/#breadcrumb\"},\"inLanguage\":\"es\",\"potentialAction\":[{\"@type\":\"ReadAction\",\"target\":[\"https:\/\/houseplantcentral.com\/es\/acerca-de\/\"]}]},{\"@type\":\"ImageObject\",\"inLanguage\":\"es\",\"@id\":\"https:\/\/houseplantcentral.com\/es\/acerca-de\/#primaryimage\",\"url\":\"https:\/\/cdn.houseplantcentral.com\/wp-content\/uploads\/2021\/02\/Mari.jpg\",\"contentUrl\":\"https:\/\/cdn.houseplantcentral.com\/wp-content\/uploads\/2021\/02\/Mari.jpg\"},{\"@type\":\"BreadcrumbList\",\"@id\":\"https:\/\/houseplantcentral.com\/es\/acerca-de\/#breadcrumb\",\"itemListElement\":[{\"@type\":\"ListItem\",\"position\":1,\"name\":\"Home\",\"item\":\"https:\/\/houseplantcentral.com\/\"},{\"@type\":\"ListItem\",\"position\":2,\"name\":\"Acerca de&#8230;\"}]},{\"@type\":\"WebSite\",\"@id\":\"https:\/\/houseplantcentral.com\/#website\",\"url\":\"https:\/\/houseplantcentral.com\/\",\"name\":\"Houseplant Central\",\"description\":\"Houseplant Central: Easy Tips For Healthy Plants\",\"publisher\":{\"@id\":\"https:\/\/houseplantcentral.com\/#organization\"},\"potentialAction\":[{\"@type\":\"SearchAction\",\"target\":{\"@type\":\"EntryPoint\",\"urlTemplate\":\"https:\/\/houseplantcentral.com\/?s={search_term_string}\"},\"query-input\":{\"@type\":\"PropertyValueSpecification\",\"valueRequired\":true,\"valueName\":\"search_term_string\"}}],\"inLanguage\":\"es\"},{\"@type\":\"Organization\",\"@id\":\"https:\/\/houseplantcentral.com\/#organization\",\"name\":\"Houseplant Central\",\"url\":\"https:\/\/houseplantcentral.com\/\",\"logo\":{\"@type\":\"ImageObject\",\"inLanguage\":\"es\",\"@id\":\"https:\/\/houseplantcentral.com\/#\/schema\/logo\/image\/\",\"url\":\"https:\/\/cdn.houseplantcentral.com\/wp-content\/uploads\/2022\/09\/Houseplant-Central-Vertical-Dark.png\",\"contentUrl\":\"https:\/\/cdn.houseplantcentral.com\/wp-content\/uploads\/2022\/09\/Houseplant-Central-Vertical-Dark.png\",\"width\":403,\"height\":208,\"caption\":\"Houseplant Central\"},\"image\":{\"@id\":\"https:\/\/houseplantcentral.com\/#\/schema\/logo\/image\/\"},\"sameAs\":[\"https:\/\/www.facebook.com\/houseplantcentral\",\"http:\/\/instagram.com\/houseplantcentral\/\",\"https:\/\/pinterest.com\/hpcentral\/\"]}]}<\/script>\n<!-- \/ Yoast SEO Premium plugin. -->","yoast_head_json":{"title":"Acerca de... - Houseplant Central","robots":{"index":"index","follow":"follow","max-snippet":"max-snippet:-1","max-image-preview":"max-image-preview:large","max-video-preview":"max-video-preview:-1"},"canonical":"https:\/\/houseplantcentral.com\/es\/acerca-de\/","og_locale":"es_ES","og_type":"article","og_title":"Acerca de...","og_description":"... Read more","og_url":"https:\/\/houseplantcentral.com\/es\/acerca-de\/","og_site_name":"Houseplant Central","article_publisher":"https:\/\/www.facebook.com\/houseplantcentral","article_modified_time":"2021-02-26T19:26:14+00:00","og_image":[{"url":"https:\/\/cdn.houseplantcentral.com\/wp-content\/uploads\/2021\/02\/Mari.jpg","type":"","width":"","height":""}],"twitter_card":"summary_large_image","twitter_misc":{"Tiempo de lectura":"2 minutos"},"schema":{"@context":"https:\/\/schema.org","@graph":[{"@type":"WebPage","@id":"https:\/\/houseplantcentral.com\/es\/acerca-de\/","url":"https:\/\/houseplantcentral.com\/es\/acerca-de\/","name":"Acerca de... - Houseplant Central","isPartOf":{"@id":"https:\/\/houseplantcentral.com\/#website"},"primaryImageOfPage":{"@id":"https:\/\/houseplantcentral.com\/es\/acerca-de\/#primaryimage"},"image":{"@id":"https:\/\/houseplantcentral.com\/es\/acerca-de\/#primaryimage"},"thumbnailUrl":"https:\/\/cdn.houseplantcentral.com\/wp-content\/uploads\/2021\/02\/Mari.jpg","datePublished":"2021-02-24T11:40:02+00:00","dateModified":"2021-02-26T19:26:14+00:00","breadcrumb":{"@id":"https:\/\/houseplantcentral.com\/es\/acerca-de\/#breadcrumb"},"inLanguage":"es","potentialAction":[{"@type":"ReadAction","target":["https:\/\/houseplantcentral.com\/es\/acerca-de\/"]}]},{"@type":"ImageObject","inLanguage":"es","@id":"https:\/\/houseplantcentral.com\/es\/acerca-de\/#primaryimage","url":"https:\/\/cdn.houseplantcentral.com\/wp-content\/uploads\/2021\/02\/Mari.jpg","contentUrl":"https:\/\/cdn.houseplantcentral.com\/wp-content\/uploads\/2021\/02\/Mari.jpg"},{"@type":"BreadcrumbList","@id":"https:\/\/houseplantcentral.com\/es\/acerca-de\/#breadcrumb","itemListElement":[{"@type":"ListItem","position":1,"name":"Home","item":"https:\/\/houseplantcentral.com\/"},{"@type":"ListItem","position":2,"name":"Acerca de&#8230;"}]},{"@type":"WebSite","@id":"https:\/\/houseplantcentral.com\/#website","url":"https:\/\/houseplantcentral.com\/","name":"Houseplant Central","description":"Houseplant Central: Easy Tips For Healthy Plants","publisher":{"@id":"https:\/\/houseplantcentral.com\/#organization"},"potentialAction":[{"@type":"SearchAction","target":{"@type":"EntryPoint","urlTemplate":"https:\/\/houseplantcentral.com\/?s={search_term_string}"},"query-input":{"@type":"PropertyValueSpecification","valueRequired":true,"valueName":"search_term_string"}}],"inLanguage":"es"},{"@type":"Organization","@id":"https:\/\/houseplantcentral.com\/#organization","name":"Houseplant Central","url":"https:\/\/houseplantcentral.com\/","logo":{"@type":"ImageObject","inLanguage":"es","@id":"https:\/\/houseplantcentral.com\/#\/schema\/logo\/image\/","url":"https:\/\/cdn.houseplantcentral.com\/wp-content\/uploads\/2022\/09\/Houseplant-Central-Vertical-Dark.png","contentUrl":"https:\/\/cdn.houseplantcentral.com\/wp-content\/uploads\/2022\/09\/Houseplant-Central-Vertical-Dark.png","width":403,"height":208,"caption":"Houseplant Central"},"image":{"@id":"https:\/\/houseplantcentral.com\/#\/schema\/logo\/image\/"},"sameAs":["https:\/\/www.facebook.com\/houseplantcentral","http:\/\/instagram.com\/houseplantcentral\/","https:\/\/pinterest.com\/hpcentral\/"]}]}},"_links":{"self":[{"href":"https:\/\/houseplantcentral.com\/es\/wp-json\/wp\/v2\/pages\/5583","targetHints":{"allow":["GET"]}}],"collection":[{"href":"https:\/\/houseplantcentral.com\/es\/wp-json\/wp\/v2\/pages"}],"about":[{"href":"https:\/\/houseplantcentral.com\/es\/wp-json\/wp\/v2\/types\/page"}],"author":[{"embeddable":true,"href":"https:\/\/houseplantcentral.com\/es\/wp-json\/wp\/v2\/users\/1"}],"replies":[{"embeddable":true,"href":"https:\/\/houseplantcentral.com\/es\/wp-json\/wp\/v2\/comments?post=5583"}],"version-history":[{"count":0,"href":"https:\/\/houseplantcentral.com\/es\/wp-json\/wp\/v2\/pages\/5583\/revisions"}],"wp:attachment":[{"href":"https:\/\/houseplantcentral.com\/es\/wp-json\/wp\/v2\/media?parent=5583"}],"curies":[{"name":"wp","href":"https:\/\/api.w.org\/{rel}","templated":true}]}}